{"id":1829,"date":"2023-04-03T14:47:34","date_gmt":"2023-04-03T14:47:34","guid":{"rendered":"https:\/\/foxiz.themeruby.com\/justforyou\/?page_id=1829"},"modified":"2023-04-03T14:47:34","modified_gmt":"2023-04-03T14:47:34","slug":"my-feed","status":"publish","type":"page","link":"https:\/\/nextvida.net\/en\/my-feed\/","title":{"rendered":"My Feed"},"content":{"rendered":"<div data-elementor-type=\"wp-page\" data-elementor-id=\"1829\" class=\"elementor elementor-1829\">\n\t\t\t\t<div class=\"elementor-element elementor-element-ecd93de e-flex e-con-boxed e-con e-parent\" data-id=\"ecd93de\" data-element_type=\"container\" data-settings=\"{&quot;background_background&quot;:&quot;classic&quot;,&quot;shape_divider_bottom&quot;:&quot;waves&quot;}\">\n\t\t\t\t\t<div class=\"e-con-inner\">\n\t\t\t\t<div class=\"elementor-shape elementor-shape-bottom\" aria-hidden=\"true\" data-negative=\"false\">\n\t\t\t<svg xmlns=\"http:\/\/www.w3.org\/2000\/svg\" viewbox=\"0 0 1000 100\" preserveaspectratio=\"none\">\n\t<path class=\"elementor-shape-fill\" d=\"M421.9,6.5c22.6-2.5,51.5,0.4,75.5,5.3c23.6,4.9,70.9,23.5,100.5,35.7c75.8,32.2,133.7,44.5,192.6,49.7\tc23.6,2.1,48.7,3.5,103.4-2.5c54.7-6,106.2-25.6,106.2-25.6V0H0v30.3c0,0,72,32.6,158.4,30.5c39.2-0.7,92.8-6.7,134-22.4\tc21.2-8.1,52.2-18.2,79.7-24.2C399.3,7.9,411.6,7.5,421.9,6.5z\"\/>\n<\/svg>\t\t<\/div>\n\t\t\t\t<div class=\"elementor-element elementor-element-cd07a02 elementor-widget elementor-widget-foxiz-heading\" data-id=\"cd07a02\" data-element_type=\"widget\" data-widget_type=\"foxiz-heading.default\">\n\t\t\t\t<div class=\"elementor-widget-container\">\n\t\t\t\t\t<div id=\"uid_cd07a02\" class=\"block-h heading-layout-19\"><div class=\"heading-inner\"><h2 class=\"heading-title\"><span>Just for You<\/span><\/h2><div class=\"heading-tagline h6\"><span class=\"heading-tagline-label\">The Latest News on Your Favorites<\/span><\/div><\/div><\/div>\t\t\t\t<\/div>\n\t\t\t\t<\/div>\n\t\t\t\t<div class=\"elementor-element elementor-element-5e4e871 elementor-widget-mobile__width-inherit elementor-widget elementor-widget-foxiz-overlay-personalize\" data-id=\"5e4e871\" data-element_type=\"widget\" data-widget_type=\"foxiz-overlay-personalize.default\">\n\t\t\t\t<div class=\"elementor-widget-container\">\n\t\t\t\t\t<div id=\"uid_5e4e871\" class=\"block-wrap block-overlay block-grid-personalize-1 p-gradient rb-columns rb-col-2 rb-tcol-1 rb-mcol-1 is-gap-custom ecat-bg-1 meta-s-gray-dot\"><div class=\"block-inner\">\t\t<div class=\"p-wrap p-overlay p-overlay-flex\" data-pid=\"2822\">\r\n\t\t\t<div class=\"overlay-holder\">\r\n\t\t\t\t\t<div class=\"p-featured\">\r\n\t\t\t\t\t<a class=\"p-flink\" href=\"https:\/\/nextvida.net\/en\/dormir-ya-no-es-perder-tiempo-por-que-el-descanso-profundo-se-convirtio-en-la-nueva-ventaja-competitiva\/\" title=\"Dormir ya no es perder tiempo: por qu\u00e9 el descanso profundo se convirti\u00f3 en la nueva ventaja competitiva\">\r\n\t\t\t<img loading=\"lazy\" decoding=\"async\" width=\"860\" height=\"573\" src=\"https:\/\/nextvida.net\/wp-content\/uploads\/2026\/01\/Dormir-ya-no-es-perder-el-tiempo-Sleeping-is-no-longer-wasted-time-860x573.png\" class=\"featured-img wp-post-image\" alt=\"Dormir ya no es perder el tiempo - Sleeping is no longer wasted time\" \/>\t\t<\/a>\r\n\t\t\t\t<\/div>\r\n\t\t\t\t<div class=\"overlay-wrap\">\r\n\t\t\t\t<div class=\"overlay-inner p-content light-scheme\">\r\n\t\t\t\t\t<div class=\"p-categories p-top\"><a class=\"p-category category-id-172\" href=\"https:\/\/nextvida.net\/en\/category\/ciencia-y-bienestar\/\" rel=\"category\">Ciencia y bienestar<\/a><\/div><h2 class=\"entry-title\">\t\t<a class=\"p-url\" href=\"https:\/\/nextvida.net\/en\/dormir-ya-no-es-perder-tiempo-por-que-el-descanso-profundo-se-convirtio-en-la-nueva-ventaja-competitiva\/\" rel=\"bookmark\">Dormir ya no es perder tiempo: por qu\u00e9 el descanso profundo se convirti\u00f3 en la nueva ventaja competitiva<\/a><\/h2><p class=\"entry-summary mobile-hide\">\ud83c\udf19 Introducci\u00f3n: cuando dormir se volvi\u00f3 revolucionario Durante a\u00f1os, dormir poco fue sin\u00f3nimo de \u00e9xito.Hoy, esa narrativa colapsa frente a&hellip;<\/p>\r\n\t\t\t\t\t\t<div class=\"p-meta has-bookmark\">\r\n\t\t\t\t<div class=\"meta-inner is-meta\">\r\n\t\t\t\t\t\t\t<a class=\"meta-el meta-avatar\" href=\"https:\/\/nextvida.net\/en\/author\/marketing-line\/\" rel=\"nofollow\" aria-label=\"Visit posts by Editorial NexVida\"><img alt='Editorial NexVida' src='https:\/\/secure.gravatar.com\/avatar\/f48a13bf14a7d85d0b814f2e9dd6e6dafd0094e84b7d9d206c297f21833e2c7d?s=44&#038;d=mm&#038;r=g' srcset='https:\/\/secure.gravatar.com\/avatar\/f48a13bf14a7d85d0b814f2e9dd6e6dafd0094e84b7d9d206c297f21833e2c7d?s=88&#038;d=mm&#038;r=g 2x' class='avatar avatar-44 photo' height='44' width='44' \/><\/a>\r\n\t\t\t\t<div class=\"meta-el meta-author\">\r\n\t\t\t<a href=\"https:\/\/nextvida.net\/en\/author\/marketing-line\/\">Editorial NexVida<\/a>\t\t<\/div>\r\n\t\t\t\t<div class=\"meta-el meta-read\">3 min. de lectura<\/div>\r\n\t\t\t\t\t\t<\/div>\r\n\t\t\t\t<span class=\"rb-bookmark bookmark-trigger\" data-pid=\"2822\"><\/span>\t\t\t<\/div>\r\n\t\t\t\t\t\t<\/div>\r\n\t\t\t<\/div>\r\n\t\t<\/div>\r\n\t\t\t\t<\/div>\r\n\t\t\t<div class=\"p-wrap p-overlay p-overlay-flex\" data-pid=\"2631\">\r\n\t\t\t<div class=\"overlay-holder\">\r\n\t\t\t\t\t<div class=\"p-featured\">\r\n\t\t\t\t\t<a class=\"p-flink\" href=\"https:\/\/nextvida.net\/en\/iron-maiden-biografia-gira-mundial-y-legado-del-heavy-metal\/\" title=\"Iron Maiden: Biograf\u00eda, gira mundial y legado del heavy metal\">\r\n\t\t\t<img loading=\"lazy\" decoding=\"async\" width=\"860\" height=\"860\" src=\"https:\/\/nextvida.net\/wp-content\/uploads\/2025\/09\/Iron-maiden-gira-2025-2026-860x860.png\" class=\"featured-img wp-post-image\" alt=\"\" \/>\t\t<\/a>\r\n\t\t\t\t<\/div>\r\n\t\t\t\t<div class=\"overlay-wrap\">\r\n\t\t\t\t<div class=\"overlay-inner p-content light-scheme\">\r\n\t\t\t\t\t<div class=\"p-categories p-top\"><a class=\"p-category category-id-71\" href=\"https:\/\/nextvida.net\/en\/category\/entretenimiento\/artistas-internacionales-conciertos-y-giras-resenas-de-discos-historia-y-cultura-musical\/\" rel=\"category\">Artistas internacionales Conciertos y giras Rese\u00f1as de discos Historia y cultura musical<\/a><a class=\"p-category category-id-70\" href=\"https:\/\/nextvida.net\/en\/category\/entretenimiento\/\" rel=\"category\">Entretenimiento<\/a><\/div><h2 class=\"entry-title\">\t\t<a class=\"p-url\" href=\"https:\/\/nextvida.net\/en\/iron-maiden-biografia-gira-mundial-y-legado-del-heavy-metal\/\" rel=\"bookmark\">Iron Maiden: Biograf\u00eda, gira mundial y legado del heavy metal<\/a><\/h2><p class=\"entry-summary mobile-hide\">Introducci\u00f3n Pocas bandas han dejado una huella tan profunda en el rock y el heavy metal como Iron Maiden. Fundada&hellip;<\/p>\r\n\t\t\t\t\t\t<div class=\"p-meta has-bookmark\">\r\n\t\t\t\t<div class=\"meta-inner is-meta\">\r\n\t\t\t\t\t\t\t<a class=\"meta-el meta-avatar\" href=\"https:\/\/nextvida.net\/en\/author\/marketing-line\/\" rel=\"nofollow\" aria-label=\"Visit posts by Editorial NexVida\"><img alt='Editorial NexVida' src='https:\/\/secure.gravatar.com\/avatar\/f48a13bf14a7d85d0b814f2e9dd6e6dafd0094e84b7d9d206c297f21833e2c7d?s=44&#038;d=mm&#038;r=g' srcset='https:\/\/secure.gravatar.com\/avatar\/f48a13bf14a7d85d0b814f2e9dd6e6dafd0094e84b7d9d206c297f21833e2c7d?s=88&#038;d=mm&#038;r=g 2x' class='avatar avatar-44 photo' height='44' width='44' \/><\/a>\r\n\t\t\t\t<div class=\"meta-el meta-author\">\r\n\t\t\t<a href=\"https:\/\/nextvida.net\/en\/author\/marketing-line\/\">Editorial NexVida<\/a>\t\t<\/div>\r\n\t\t\t\t<div class=\"meta-el meta-read\">5 min. de lectura<\/div>\r\n\t\t\t\t\t\t<\/div>\r\n\t\t\t\t<span class=\"rb-bookmark bookmark-trigger\" data-pid=\"2631\"><\/span>\t\t\t<\/div>\r\n\t\t\t\t\t\t<\/div>\r\n\t\t\t<\/div>\r\n\t\t<\/div>\r\n\t\t\t\t<\/div>\r\n\t<\/div><\/div>\t\t\t\t<\/div>\n\t\t\t\t<\/div>\n\t\t\t\t<div class=\"elementor-element elementor-element-99eccfd elementor-widget elementor-widget-foxiz-ad-image\" data-id=\"99eccfd\" data-element_type=\"widget\" data-widget_type=\"foxiz-ad-image.default\">\n\t\t\t\t<div class=\"elementor-widget-container\">\n\t\t\t\t\t<div class=\"ad-wrap ad-image-wrap\"><span class=\"ad-description is-meta\">- Advertisment -<\/span><div class=\"ad-image\"><a class=\"ad-destination\" target=\"_blank\" rel=\"noopener nofollow\" href=\"\/\/1.envato.market\/MXYjYo\"><img loading=\"lazy\" decoding=\"async\" src=\"https:\/\/foxiz.themeruby.com\/innovation\/wp-content\/uploads\/sites\/6\/2023\/12\/banner-2.png\" alt=\"Ad image\"\/><\/a><\/div><\/div>\t\t\t\t<\/div>\n\t\t\t\t<\/div>\n\t\t\t\t<div class=\"elementor-element elementor-element-86ce36f elementor-widget elementor-widget-foxiz-grid-recommended-1\" data-id=\"86ce36f\" data-element_type=\"widget\" data-widget_type=\"foxiz-grid-recommended-1.default\">\n\t\t\t\t<div class=\"elementor-widget-container\">\n\t\t\t\t\t<div id=\"uid_86ce36f\" class=\"block-wrap block-grid block-grid-personalize-1 first-featured rb-columns rb-col-4 rb-tcol-2 rb-mcol-1 is-gap-custom ecat-bg-1 is-m-list res-feat-right meta-s-gray-dot\"><div class=\"block-inner\">\t\t<div class=\"p-wrap p-box p-grid-box-1 box-shadow\" data-pid=\"2651\">\r\n\t<div class=\"grid-box\">\t\t\t<div class=\"feat-holder\">\r\n\t\t\t\t\t\t<div class=\"p-featured\">\r\n\t\t\t\t\t<a class=\"p-flink\" href=\"https:\/\/nextvida.net\/en\/el-futuro-del-trabajo-en-la-era-de-la-inteligencia-artificial-y-la-automatizacion\/\" title=\"El futuro del trabajo en la era de la inteligencia artificial y la automatizaci\u00f3n\">\r\n\t\t\t<img loading=\"lazy\" decoding=\"async\" width=\"420\" height=\"280\" src=\"https:\/\/nextvida.net\/wp-content\/uploads\/2025\/09\/El-futuro-del-trabajo-en-la-era-de-la-IA-y-la-automatizacion-portada-420x280.png\" class=\"featured-img wp-post-image\" alt=\"El futuro del trabajo en la era de la IA y la automatizaci\u00f3n\" \/>\t\t<\/a>\r\n\t\t\t\t<\/div>\r\n\t<div class=\"p-categories light-scheme p-top mobile-hide\"><a class=\"p-category category-id-40\" href=\"https:\/\/nextvida.net\/en\/category\/tecnologia-y-futuro\/\" rel=\"category\">Tecnolog\u00eda y Futuro<\/a><\/div><\/div>\r\n\t\t<h4 class=\"entry-title\">\t\t<a class=\"p-url\" href=\"https:\/\/nextvida.net\/en\/el-futuro-del-trabajo-en-la-era-de-la-inteligencia-artificial-y-la-automatizacion\/\" rel=\"bookmark\">El futuro del trabajo en la era de la inteligencia artificial y la automatizaci\u00f3n<\/a><\/h4>\t\t\t<div class=\"p-meta has-bookmark\">\r\n\t\t\t\t<div class=\"meta-inner is-meta\">\r\n\t\t\t\t\t\t\t<div class=\"meta-el meta-read\">6 min. de lectura<\/div>\r\n\t\t\t\t\t\t<\/div>\r\n\t\t\t\t<span class=\"rb-bookmark bookmark-trigger\" data-pid=\"2651\"><\/span>\t\t\t<\/div>\r\n\t\t<\/div>\t\t<\/div>\r\n\t\t\t<div class=\"p-wrap p-box p-grid-box-1 box-shadow\" data-pid=\"2657\">\r\n\t<div class=\"grid-box\">\t\t\t<div class=\"feat-holder\">\r\n\t\t\t\t\t\t<div class=\"p-featured\">\r\n\t\t\t\t\t<a class=\"p-flink\" href=\"https:\/\/nextvida.net\/en\/la-ansiedad-por-la-inteligencia-artificial-como-la-ia-impacta-la-salud-mental-de-las-nuevas-generaciones\/\" title=\"La ansiedad por la inteligencia artificial: c\u00f3mo la IA impacta la salud mental de las nuevas generaciones\">\r\n\t\t\t<img loading=\"lazy\" decoding=\"async\" width=\"187\" height=\"280\" src=\"https:\/\/nextvida.net\/wp-content\/uploads\/2025\/10\/Inteligencia-artificial-y-bienestar-digital.png\" class=\"featured-img wp-post-image\" alt=\"Inteligencia artificial y bienestar digital\" \/>\t\t<\/a>\r\n\t\t\t\t<\/div>\r\n\t<div class=\"p-categories light-scheme p-top mobile-hide\"><a class=\"p-category category-id-43\" href=\"https:\/\/nextvida.net\/en\/category\/tecnologia-y-futuro\/apps-para-la-vida-diaria\/\" rel=\"category\">Apps para la vida diaria<\/a><a class=\"p-category category-id-45\" href=\"https:\/\/nextvida.net\/en\/category\/bienestar-y-salud-integral\/\" rel=\"category\">Bienestar y Salud Integral<\/a><\/div><\/div>\r\n\t\t<h4 class=\"entry-title\">\t\t<a class=\"p-url\" href=\"https:\/\/nextvida.net\/en\/la-ansiedad-por-la-inteligencia-artificial-como-la-ia-impacta-la-salud-mental-de-las-nuevas-generaciones\/\" rel=\"bookmark\">La ansiedad por la inteligencia artificial: c\u00f3mo la IA impacta la salud mental de las nuevas generaciones<\/a><\/h4>\t\t\t<div class=\"p-meta has-bookmark\">\r\n\t\t\t\t<div class=\"meta-inner is-meta\">\r\n\t\t\t\t\t\t\t<div class=\"meta-el meta-read\">4 min. de lectura<\/div>\r\n\t\t\t\t\t\t<\/div>\r\n\t\t\t\t<span class=\"rb-bookmark bookmark-trigger\" data-pid=\"2657\"><\/span>\t\t\t<\/div>\r\n\t\t<\/div>\t\t<\/div>\r\n\t\t\t<div class=\"p-wrap p-box p-grid-box-1 box-shadow\" data-pid=\"2661\">\r\n\t<div class=\"grid-box\">\t\t\t<div class=\"feat-holder\">\r\n\t\t\t\t\t\t<div class=\"p-featured\">\r\n\t\t\t\t\t<a class=\"p-flink\" href=\"https:\/\/nextvida.net\/en\/google-sge-y-gemini-el-impacto-de-la-ia-en-el-seo-y-contenido-2025\/\" title=\"El Dominio Renovado de Google en la B\u00fasqueda por IA: \u00bfC\u00f3mo Afectan las Nuevas Funciones a tu Estrategia de Contenido Digital?\">\r\n\t\t\t<img loading=\"lazy\" decoding=\"async\" width=\"420\" height=\"280\" src=\"https:\/\/nextvida.net\/wp-content\/uploads\/2025\/10\/El-Dominio-Renovado-de-Google-en-la-Busqueda-por-IA.png\" class=\"featured-img wp-post-image\" alt=\"El Dominio Renovado de Google en la B\u00fasqueda por IA\" \/>\t\t<\/a>\r\n\t\t\t\t<\/div>\r\n\t<div class=\"p-categories is-primary light-scheme p-top mobile-hide\"><a class=\"p-category category-id-50\" href=\"https:\/\/nextvida.net\/en\/category\/negocios-y-emprendimiento\/\" rel=\"category\">Negocios y Emprendimiento<\/a><\/div><\/div>\r\n\t\t<h4 class=\"entry-title\">\t\t<a class=\"p-url\" href=\"https:\/\/nextvida.net\/en\/google-sge-y-gemini-el-impacto-de-la-ia-en-el-seo-y-contenido-2025\/\" rel=\"bookmark\">El Dominio Renovado de Google en la B\u00fasqueda por IA: \u00bfC\u00f3mo Afectan las Nuevas Funciones a tu Estrategia de Contenido Digital?<\/a><\/h4>\t\t\t<div class=\"p-meta has-bookmark\">\r\n\t\t\t\t<div class=\"meta-inner is-meta\">\r\n\t\t\t\t\t\t\t<div class=\"meta-el meta-read\">11 min. de lectura<\/div>\r\n\t\t\t\t\t\t<\/div>\r\n\t\t\t\t<span class=\"rb-bookmark bookmark-trigger\" data-pid=\"2661\"><\/span>\t\t\t<\/div>\r\n\t\t<\/div>\t\t<\/div>\r\n\t\t\t<div class=\"p-wrap p-box p-grid-box-1 box-shadow\" data-pid=\"2664\">\r\n\t<div class=\"grid-box\">\t\t\t<div class=\"feat-holder\">\r\n\t\t\t\t\t\t<div class=\"p-featured\">\r\n\t\t\t\t\t<a class=\"p-flink\" href=\"https:\/\/nextvida.net\/en\/el-auge-de-la-ia-transformando-nuestro-mundo-y-el-futuro\/\" title=\"El Auge de la IA: Transformando Nuestro Mundo y el Futuro\">\r\n\t\t\t<img loading=\"lazy\" decoding=\"async\" width=\"420\" height=\"280\" src=\"https:\/\/nextvida.net\/wp-content\/uploads\/2025\/10\/El-Auge-de-la-IA_-Transformando-Nuestro-Mundo-y-el-Futuro-420x280.webp\" class=\"featured-img wp-post-image\" alt=\"El Auge de la IA_ Transformando Nuestro Mundo y el Futuro\" \/>\t\t<\/a>\r\n\t\t\t\t<\/div>\r\n\t<div class=\"p-categories light-scheme p-top mobile-hide\"><a class=\"p-category category-id-40\" href=\"https:\/\/nextvida.net\/en\/category\/tecnologia-y-futuro\/\" rel=\"category\">Tecnolog\u00eda y Futuro<\/a><\/div><\/div>\r\n\t\t<h4 class=\"entry-title\">\t\t<a class=\"p-url\" href=\"https:\/\/nextvida.net\/en\/el-auge-de-la-ia-transformando-nuestro-mundo-y-el-futuro\/\" rel=\"bookmark\">El Auge de la IA: Transformando Nuestro Mundo y el Futuro<\/a><\/h4>\t\t\t<div class=\"p-meta has-bookmark\">\r\n\t\t\t\t<div class=\"meta-inner is-meta\">\r\n\t\t\t\t\t\t\t<div class=\"meta-el meta-read\">5 min. de lectura<\/div>\r\n\t\t\t\t\t\t<\/div>\r\n\t\t\t\t<span class=\"rb-bookmark bookmark-trigger\" data-pid=\"2664\"><\/span>\t\t\t<\/div>\r\n\t\t<\/div>\t\t<\/div>\r\n\t<\/div><\/div>\t\t\t\t<\/div>\n\t\t\t\t<\/div>\n\t\t\t\t\t<\/div>\n\t\t\t\t<\/div>\n\t\t<div class=\"elementor-element elementor-element-b5ccf81 e-flex e-con-boxed e-con e-parent\" data-id=\"b5ccf81\" data-element_type=\"container\">\n\t\t\t\t\t<div class=\"e-con-inner\">\n\t\t<div class=\"elementor-element elementor-element-10b7857 e-con-full e-flex e-con e-child\" data-id=\"10b7857\" data-element_type=\"container\">\n\t\t\t\t<div class=\"elementor-element elementor-element-6897d9e elementor-widget__width-initial elementor-widget-tablet__width-initial elementor-widget-mobile__width-inherit elementor-widget elementor-widget-foxiz-heading\" data-id=\"6897d9e\" data-element_type=\"widget\" data-widget_type=\"foxiz-heading.default\">\n\t\t\t\t<div class=\"elementor-widget-container\">\n\t\t\t\t\t<div id=\"uid_6897d9e\" class=\"block-h heading-layout-19\"><div class=\"heading-inner\"><h2 class=\"heading-title\"><span>Stay Connected<\/span><\/h2><div class=\"heading-tagline h6\"><span class=\"heading-tagline-label\">Find us on socials<\/span><\/div><\/div><\/div>\t\t\t\t<\/div>\n\t\t\t\t<\/div>\n\t\t\t\t<div class=\"elementor-element elementor-element-87fd3c9 yes-mono elementor-widget__width-initial elementor-widget-tablet__width-initial elementor-widget-mobile__width-inherit elementor-widget elementor-widget-foxiz-social-follower\" data-id=\"87fd3c9\" data-element_type=\"widget\" data-widget_type=\"foxiz-social-follower.default\">\n\t\t\t\t<div class=\"elementor-widget-container\">\n\t\t\t\t\t<div class=\"socials-counter h6 is-style-15 is-gstyle-3 is-icon-color is-h-bg\"><div class=\"social-follower effect-fadeout\"><div class=\"follower-el fb-follower\"><a target=\"_blank\" href=\"https:\/\/facebook.com\/envato\" class=\"facebook\" aria-label=\"Facebook\" rel=\"noopener nofollow\"><\/a><span class=\"follower-inner\"><span class=\"fnicon\"><i class=\"rbi rbi-facebook\" aria-hidden=\"true\"><\/i><\/span><span class=\"fntotal\">248.1k<\/span><span class=\"fnlabel\">Followers<\/span><span class=\"text-count\">Like<\/span><\/span><\/div><div class=\"follower-el twitter-follower\"><a target=\"_blank\" href=\"https:\/\/twitter.com\/envato\" class=\"twitter\" aria-label=\"X\" rel=\"noopener nofollow\"><\/a><span class=\"follower-inner\"><span class=\"fnicon\"><i class=\"rbi rbi-twitter\" aria-hidden=\"true\"><\/i><\/span><span class=\"fntotal\">61.1k<\/span><span class=\"fnlabel\">Followers<\/span><span class=\"text-count\">Follow<\/span><\/span><\/div><div class=\"follower-el youtube-follower\"><a target=\"_blank\" href=\"https:\/\/www.youtube.com\/c\/envato\" class=\"youtube\" aria-label=\"Youtube\" rel=\"noopener nofollow\"><\/a><span class=\"follower-inner\"><span class=\"fnicon\"><i class=\"rbi rbi-youtube\" aria-hidden=\"true\"><\/i><\/span><span class=\"fntotal\">165k<\/span><span class=\"fnlabel\">Subscribers<\/span><span class=\"text-count\">Subscribe<\/span><\/span><\/div><\/div><\/div>\t\t\t\t<\/div>\n\t\t\t\t<\/div>\n\t\t\t\t<\/div>\n\t\t\t\t<div class=\"elementor-element elementor-element-2883c31 elementor-widget elementor-widget-foxiz-grid-recommended-1\" data-id=\"2883c31\" data-element_type=\"widget\" data-widget_type=\"foxiz-grid-recommended-1.default\">\n\t\t\t\t<div class=\"elementor-widget-container\">\n\t\t\t\t\t<div id=\"uid_2883c31\" class=\"block-wrap block-grid block-grid-personalize-1 first-featured rb-columns rb-col-4 rb-tcol-2 rb-mcol-1 is-gap-custom ecat-bg-1 is-m-list res-feat-right meta-s-gray-dot\"><div class=\"block-inner\">\t\t<div class=\"p-wrap p-box p-grid-box-1 box-shadow\" data-pid=\"2687\">\r\n\t<div class=\"grid-box\">\t\t\t<div class=\"feat-holder\">\r\n\t\t\t\t\t\t<div class=\"p-featured\">\r\n\t\t\t\t\t<a class=\"p-flink\" href=\"https:\/\/nextvida.net\/en\/la-economia-de-creadores-como-monetizar-tu-pasion-y-construir-un-negocio-digital\/\" title=\"La Econom\u00eda de Creadores: C\u00f3mo Monetizar tu Pasi\u00f3n y Construir un Negocio Digital\">\r\n\t\t\t<img loading=\"lazy\" decoding=\"async\" width=\"420\" height=\"280\" src=\"https:\/\/nextvida.net\/wp-content\/uploads\/2025\/10\/La-Economia-de-Creadores_-Como-Monetizar-tu-Pasion-y-Construir-un-Negocio-Digital-420x280.webp\" class=\"featured-img wp-post-image\" alt=\"\" \/>\t\t<\/a>\r\n\t\t\t\t<\/div>\r\n\t<div class=\"p-categories light-scheme p-top mobile-hide\"><a class=\"p-category category-id-120\" href=\"https:\/\/nextvida.net\/en\/category\/emprendimiento\/\" rel=\"category\">Emprendimiento<\/a><a class=\"p-category category-id-42\" href=\"https:\/\/nextvida.net\/en\/category\/tecnologia-y-futuro\/innovaciones-digitales\/\" rel=\"category\">Innovaciones digitales<\/a><a class=\"p-category category-id-131\" href=\"https:\/\/nextvida.net\/en\/category\/marketing\/\" rel=\"category\">Marketing<\/a><\/div><\/div>\r\n\t\t<h4 class=\"entry-title\">\t\t<a class=\"p-url\" href=\"https:\/\/nextvida.net\/en\/la-economia-de-creadores-como-monetizar-tu-pasion-y-construir-un-negocio-digital\/\" rel=\"bookmark\">La Econom\u00eda de Creadores: C\u00f3mo Monetizar tu Pasi\u00f3n y Construir un Negocio Digital<\/a><\/h4>\t\t\t<div class=\"p-meta has-bookmark\">\r\n\t\t\t\t<div class=\"meta-inner is-meta\">\r\n\t\t\t\t\t\t\t<div class=\"meta-el meta-read\">6 min. de lectura<\/div>\r\n\t\t\t\t\t\t<\/div>\r\n\t\t\t\t<span class=\"rb-bookmark bookmark-trigger\" data-pid=\"2687\"><\/span>\t\t\t<\/div>\r\n\t\t<\/div>\t\t<\/div>\r\n\t\t\t<div class=\"p-wrap p-box p-grid-box-1 box-shadow\" data-pid=\"2673\">\r\n\t<div class=\"grid-box\">\t\t\t<div class=\"feat-holder\">\r\n\t\t\t\t\t\t<div class=\"p-featured\">\r\n\t\t\t\t\t<a class=\"p-flink\" href=\"https:\/\/nextvida.net\/en\/el-desafio-de-la-generacion-de-riqueza-estrategias-de-inversion-a-largo-plazo\/\" title=\"El Desaf\u00edo de la Generaci\u00f3n de Riqueza: Estrategias de Inversi\u00f3n a Largo Plazo\">\r\n\t\t\t<img loading=\"lazy\" decoding=\"async\" width=\"420\" height=\"280\" src=\"https:\/\/nextvida.net\/wp-content\/uploads\/2025\/10\/El-Desafio-de-la-Generacion-de-Riqueza_-Estrategias-de-Inversion-a-Largo-Plazo-420x280.webp\" class=\"featured-img wp-post-image\" alt=\"El Desaf\u00edo de la Generaci\u00f3n de Riqueza: Estrategias de Inversi\u00f3n a Largo Plazo\" \/>\t\t<\/a>\r\n\t\t\t\t<\/div>\r\n\t<div class=\"p-categories light-scheme p-top mobile-hide\"><a class=\"p-category category-id-54\" href=\"https:\/\/nextvida.net\/en\/category\/negocios-y-emprendimiento\/economia-digital\/\" rel=\"category\">Econom\u00eda digital<\/a><a class=\"p-category category-id-120\" href=\"https:\/\/nextvida.net\/en\/category\/emprendimiento\/\" rel=\"category\">Emprendimiento<\/a><a class=\"p-category category-id-51\" href=\"https:\/\/nextvida.net\/en\/category\/negocios-y-emprendimiento\/estrategias-de-crecimiento\/\" rel=\"category\">Estrategias de crecimiento<\/a><a class=\"p-category category-id-119\" href=\"https:\/\/nextvida.net\/en\/category\/inversion\/\" rel=\"category\">Inversi\u00f3n<\/a><a class=\"p-category category-id-50\" href=\"https:\/\/nextvida.net\/en\/category\/negocios-y-emprendimiento\/\" rel=\"category\">Negocios y Emprendimiento<\/a><\/div><\/div>\r\n\t\t<h4 class=\"entry-title\">\t\t<a class=\"p-url\" href=\"https:\/\/nextvida.net\/en\/el-desafio-de-la-generacion-de-riqueza-estrategias-de-inversion-a-largo-plazo\/\" rel=\"bookmark\">El Desaf\u00edo de la Generaci\u00f3n de Riqueza: Estrategias de Inversi\u00f3n a Largo Plazo<\/a><\/h4>\t\t\t<div class=\"p-meta has-bookmark\">\r\n\t\t\t\t<div class=\"meta-inner is-meta\">\r\n\t\t\t\t\t\t\t<div class=\"meta-el meta-read\">6 min. de lectura<\/div>\r\n\t\t\t\t\t\t<\/div>\r\n\t\t\t\t<span class=\"rb-bookmark bookmark-trigger\" data-pid=\"2673\"><\/span>\t\t\t<\/div>\r\n\t\t<\/div>\t\t<\/div>\r\n\t\t\t<div class=\"p-wrap p-box p-grid-box-1 box-shadow\" data-pid=\"2671\">\r\n\t<div class=\"grid-box\"><h4 class=\"entry-title\">\t\t<a class=\"p-url\" href=\"https:\/\/nextvida.net\/en\/estres-y-ansiedad-una-guia-para-recuperar-la-calma-en-la-vida-acelerada\/\" rel=\"bookmark\">Estr\u00e9s y Ansiedad: Una Gu\u00eda para Recuperar la Calma en la Vida Acelerada<\/a><\/h4>\t\t\t<div class=\"p-meta has-bookmark\">\r\n\t\t\t\t<div class=\"meta-inner is-meta\">\r\n\t\t\t\t\t\t\t<div class=\"meta-el meta-read\">7 min. de lectura<\/div>\r\n\t\t\t\t\t\t<\/div>\r\n\t\t\t\t<span class=\"rb-bookmark bookmark-trigger\" data-pid=\"2671\"><\/span>\t\t\t<\/div>\r\n\t\t<\/div>\t\t<\/div>\r\n\t\t\t<div class=\"p-wrap p-box p-grid-box-1 box-shadow\" data-pid=\"2648\">\r\n\t<div class=\"grid-box\">\t\t\t<div class=\"feat-holder\">\r\n\t\t\t\t\t\t<div class=\"p-featured\">\r\n\t\t\t\t\t<a class=\"p-flink\" href=\"https:\/\/nextvida.net\/en\/servicio-de-conductor-elegido\/\" title=\"Conductor elegido: la gu\u00eda global para noches seguras y movilidad responsable\">\r\n\t\t\t<img loading=\"lazy\" decoding=\"async\" width=\"420\" height=\"280\" src=\"https:\/\/nextvida.net\/wp-content\/uploads\/2025\/09\/Conductor-elegido_-la-guia-global-para-noches-seguras-y-movilidad-responsable-420x280.webp\" class=\"featured-img wp-post-image\" alt=\"Conductor elegido: la gu\u00eda global para noches seguras y movilidad responsable\" \/>\t\t<\/a>\r\n\t\t\t\t<\/div>\r\n\t<div class=\"p-categories light-scheme p-top mobile-hide\"><a class=\"p-category category-id-142\" href=\"https:\/\/nextvida.net\/en\/category\/movilidad\/\" rel=\"category\">Movilidad<\/a><\/div><\/div>\r\n\t\t<h4 class=\"entry-title\">\t\t<a class=\"p-url\" href=\"https:\/\/nextvida.net\/en\/servicio-de-conductor-elegido\/\" rel=\"bookmark\">Conductor elegido: la gu\u00eda global para noches seguras y movilidad responsable<\/a><\/h4>\t\t\t<div class=\"p-meta has-bookmark\">\r\n\t\t\t\t<div class=\"meta-inner is-meta\">\r\n\t\t\t\t\t\t\t<div class=\"meta-el meta-read\">5 min. de lectura<\/div>\r\n\t\t\t\t\t\t<\/div>\r\n\t\t\t\t<span class=\"rb-bookmark bookmark-trigger\" data-pid=\"2648\"><\/span>\t\t\t<\/div>\r\n\t\t<\/div>\t\t<\/div>\r\n\t<\/div><\/div>\t\t\t\t<\/div>\n\t\t\t\t<\/div>\n\t\t\t\t\t<\/div>\n\t\t\t\t<\/div>\n\t\t\t\t<\/div>","protected":false},"excerpt":{"rendered":"<p>Just for You The Latest News on Your Favorites edit Science Inside Amazon\u2019s Bold Vision for the Future of Shipping As we delve into this realm of innovation, the narrative unfolds with a focus on cutting-edge developments that are set&hellip; Innovate Hub 7 Min Read edit Travel Scaling Peaks the Awe-Inspiring Beauty of High Altitude [&hellip;]<\/p>","protected":false},"author":1,"featured_media":0,"parent":0,"menu_order":0,"comment_status":"closed","ping_status":"closed","template":"","meta":{"footnotes":""},"class_list":["post-1829","page","type-page","status-publish"],"_links":{"self":[{"href":"https:\/\/nextvida.net\/en\/wp-json\/wp\/v2\/pages\/1829","targetHints":{"allow":["GET"]}}],"collection":[{"href":"https:\/\/nextvida.net\/en\/wp-json\/wp\/v2\/pages"}],"about":[{"href":"https:\/\/nextvida.net\/en\/wp-json\/wp\/v2\/types\/page"}],"author":[{"embeddable":true,"href":"https:\/\/nextvida.net\/en\/wp-json\/wp\/v2\/users\/1"}],"replies":[{"embeddable":true,"href":"https:\/\/nextvida.net\/en\/wp-json\/wp\/v2\/comments?post=1829"}],"version-history":[{"count":0,"href":"https:\/\/nextvida.net\/en\/wp-json\/wp\/v2\/pages\/1829\/revisions"}],"wp:attachment":[{"href":"https:\/\/nextvida.net\/en\/wp-json\/wp\/v2\/media?parent=1829"}],"curies":[{"name":"wp","href":"https:\/\/api.w.org\/{rel}","templated":true}]}}