{"id":1848,"date":"2023-04-04T03:48:33","date_gmt":"2023-04-04T03:48:33","guid":{"rendered":"https:\/\/foxiz.themeruby.com\/justforyou\/?page_id=1848"},"modified":"2025-10-31T18:49:16","modified_gmt":"2025-10-31T23:49:16","slug":"mis-guardados","status":"publish","type":"page","link":"https:\/\/nextvida.net\/en\/mis-guardados\/","title":{"rendered":"Mis guardados"},"content":{"rendered":"<div data-elementor-type=\"wp-page\" data-elementor-id=\"1848\" class=\"elementor elementor-1848\">\n\t\t\t\t<div class=\"elementor-element elementor-element-e945678 e-flex e-con-boxed e-con e-parent\" data-id=\"e945678\" data-element_type=\"container\" data-settings=\"{&quot;background_background&quot;:&quot;classic&quot;,&quot;shape_divider_bottom&quot;:&quot;waves&quot;}\">\n\t\t\t\t\t<div class=\"e-con-inner\">\n\t\t\t\t<div class=\"elementor-shape elementor-shape-bottom\" aria-hidden=\"true\" data-negative=\"false\">\n\t\t\t<svg xmlns=\"http:\/\/www.w3.org\/2000\/svg\" viewbox=\"0 0 1000 100\" preserveaspectratio=\"none\">\n\t<path class=\"elementor-shape-fill\" d=\"M421.9,6.5c22.6-2.5,51.5,0.4,75.5,5.3c23.6,4.9,70.9,23.5,100.5,35.7c75.8,32.2,133.7,44.5,192.6,49.7\tc23.6,2.1,48.7,3.5,103.4-2.5c54.7-6,106.2-25.6,106.2-25.6V0H0v30.3c0,0,72,32.6,158.4,30.5c39.2-0.7,92.8-6.7,134-22.4\tc21.2-8.1,52.2-18.2,79.7-24.2C399.3,7.9,411.6,7.5,421.9,6.5z\"\/>\n<\/svg>\t\t<\/div>\n\t\t\t\t<div class=\"elementor-element elementor-element-414c26f elementor-widget elementor-widget-foxiz-heading\" data-id=\"414c26f\" data-element_type=\"widget\" data-widget_type=\"foxiz-heading.default\">\n\t\t\t\t<div class=\"elementor-widget-container\">\n\t\t\t\t\t<div id=\"uid_414c26f\" class=\"block-h heading-layout-19\"><div class=\"heading-inner\"><h2 class=\"heading-title\"><span>Historias Guardadas<\/span><\/h2><div class=\"heading-tagline h6\"><span class=\"heading-tagline-label\">Los art\u00edculos que guardaste los encuentras aqu\u00ed<\/span><\/div><\/div><\/div>\t\t\t\t<\/div>\n\t\t\t\t<\/div>\n\t\t\t\t<div class=\"elementor-element elementor-element-5e2346a elementor-widget elementor-widget-foxiz-list-personalize\" data-id=\"5e2346a\" data-element_type=\"widget\" data-widget_type=\"foxiz-list-personalize.default\">\n\t\t\t\t<div class=\"elementor-widget-container\">\n\t\t\t\t\t<div id=\"uid_5e2346a\" class=\"block-wrap block-list block-list-personalize rb-columns rb-col-2 rb-tcol-1 rb-mcol-1 is-gap-custom ecat-bg-1 is-feat-left is-m-list res-feat-right meta-s-gray-dot\">\t\t<div class=\"empty-saved\">\r\n\t\t\t<div class=\"rb-container edge-padding\">\r\n\t\t\t\t<h4 class=\"empty-saved-title\">You haven&#039;t saved anything yet.<\/h4>\r\n\t\t\t\t<p class=\"empty-saved-desc\">Start saving your interested articles by clicking the <i class=\"rbi rbi-bookmark\" aria-hidden=\"true\"><\/i> icon and you&#039;ll find them all here.<\/p>\r\n\t\t\t<\/div>\r\n\t\t<\/div>\r\n\t<\/div>\t\t\t\t<\/div>\n\t\t\t\t<\/div>\n\t\t\t\t<div class=\"elementor-element elementor-element-8b65a45 elementor-widget elementor-widget-foxiz-ad-image\" data-id=\"8b65a45\" data-element_type=\"widget\" data-widget_type=\"foxiz-ad-image.default\">\n\t\t\t\t<div class=\"elementor-widget-container\">\n\t\t\t\t\t<div class=\"ad-wrap ad-image-wrap\"><span class=\"ad-description is-meta\">- Pauta -<\/span><div class=\"ad-image\"><a class=\"ad-destination\" target=\"_blank\" rel=\"noopener nofollow\" href=\"#\"><img loading=\"lazy\" decoding=\"async\" src=\"https:\/\/foxiz.themeruby.com\/innovation\/wp-content\/uploads\/sites\/6\/2023\/12\/banner-2.png\" alt=\"Ad image\"\/><\/a><\/div><\/div>\t\t\t\t<\/div>\n\t\t\t\t<\/div>\n\t\t\t\t\t<\/div>\n\t\t\t\t<\/div>\n\t\t<div class=\"elementor-element elementor-element-f883d87 e-flex e-con-boxed e-con e-parent\" data-id=\"f883d87\" data-element_type=\"container\">\n\t\t\t\t\t<div class=\"e-con-inner\">\n\t\t<div class=\"elementor-element elementor-element-30f2864 e-con-full e-flex e-con e-child\" data-id=\"30f2864\" data-element_type=\"container\">\n\t\t\t\t<div class=\"elementor-element elementor-element-14ef8d0 elementor-widget__width-initial elementor-widget-mobile__width-inherit elementor-widget elementor-widget-foxiz-heading\" data-id=\"14ef8d0\" data-element_type=\"widget\" data-widget_type=\"foxiz-heading.default\">\n\t\t\t\t<div class=\"elementor-widget-container\">\n\t\t\t\t\t<div id=\"uid_14ef8d0\" class=\"block-h heading-layout-19\"><div class=\"heading-inner\"><h2 class=\"heading-title\"><span>Explore Categor\u00edas top<\/span><\/h2><div class=\"heading-tagline h6\"><span class=\"heading-tagline-label\">Uncover the stories that matter<\/span><\/div><\/div><\/div>\t\t\t\t<\/div>\n\t\t\t\t<\/div>\n\t\t\t\t<div class=\"elementor-element elementor-element-9fcbc66 elementor-widget__width-initial elementor-widget-mobile__width-inherit elementor-widget elementor-widget-foxiz-search-category\" data-id=\"9fcbc66\" data-element_type=\"widget\" data-widget_type=\"foxiz-search-category.default\">\n\t\t\t\t<div class=\"elementor-widget-container\">\n\t\t\t\t\t\t\t<div class=\"header-search-form is-form-layout is-search-category\">\r\n\t\t\t<div class=\"rb-search-form live-search-form\"  data-search=\"category\" data-limit=\"0\" data-follow=\"1\" data-tax=\"category\" data-dsource=\"0\"  data-ptype=\"\"><div class=\"search-form-inner\"><span class=\"search-icon\"><span class=\"search-icon-svg\"><\/span><\/span><span class=\"search-text\"><input type=\"text\" class=\"field\" placeholder=\"Search for the categories that you are interested in.\" value=\"\" name=\"s\"\/><\/span><span class=\"live-search-animation rb-loader\"><\/span><\/div><div class=\"live-search-response\"><\/div><\/div>\t\t<\/div>\r\n\t\t\t\t\t\t<\/div>\n\t\t\t\t<\/div>\n\t\t\t\t<\/div>\n\t\t\t\t<div class=\"elementor-element elementor-element-e333698 elementor-widget elementor-widget-foxiz-categories-1\" data-id=\"e333698\" data-element_type=\"widget\" data-widget_type=\"foxiz-categories-1.default\">\n\t\t\t\t<div class=\"elementor-widget-container\">\n\t\t\t\t\t<div id=\"uid_e333698\" class=\"block-wrap block-categories block-categories-1 is-thoz-scroll rb-columns rb-col-5 rb-mcol-1 is-gap-10 meta-s-gray-dot\"><\/div>\t\t\t\t<\/div>\n\t\t\t\t<\/div>\n\t\t\t\t<div class=\"elementor-element elementor-element-a65703d elementor-widget__width-inherit elementor-widget elementor-widget-foxiz-heading\" data-id=\"a65703d\" data-element_type=\"widget\" data-widget_type=\"foxiz-heading.default\">\n\t\t\t\t<div class=\"elementor-widget-container\">\n\t\t\t\t\t<div id=\"uid_a65703d\" class=\"block-h heading-layout-9\"><div class=\"heading-inner\"><h2 class=\"heading-title\"><span>Don't Miss<\/span><\/h2><div class=\"heading-tagline h6\"><span class=\"heading-tagline-label\">Be the first to know<\/span><\/div><\/div><\/div>\t\t\t\t<\/div>\n\t\t\t\t<\/div>\n\t\t\t\t<div class=\"elementor-element elementor-element-c99f549 elementor-widget elementor-widget-foxiz-grid-flex-1\" data-id=\"c99f549\" data-element_type=\"widget\" data-widget_type=\"foxiz-grid-flex-1.default\">\n\t\t\t\t<div class=\"elementor-widget-container\">\n\t\t\t\t\t<div id=\"uid_c99f549\" class=\"block-wrap block-grid block-grid-flex-1 first-featured rb-columns rb-col-4 rb-tcol-2 rb-mcol-1 is-gap-custom is-pagi-text is-m-list res-feat-right meta-s-gray-dot\"><div class=\"block-inner\">\t\t<div class=\"p-wrap p-box p-grid-box-1 box-shadow\" data-pid=\"2822\">\r\n\t<div class=\"grid-box\">\t\t\t<div class=\"feat-holder\">\r\n\t\t\t\t\t\t<div class=\"p-featured\">\r\n\t\t\t\t\t<a class=\"p-flink\" href=\"https:\/\/nextvida.net\/en\/dormir-ya-no-es-perder-tiempo-por-que-el-descanso-profundo-se-convirtio-en-la-nueva-ventaja-competitiva\/\" title=\"Dormir ya no es perder tiempo: por qu\u00e9 el descanso profundo se convirti\u00f3 en la nueva ventaja competitiva\">\r\n\t\t\t<img loading=\"lazy\" decoding=\"async\" width=\"420\" height=\"280\" src=\"https:\/\/nextvida.net\/wp-content\/uploads\/2026\/01\/Dormir-ya-no-es-perder-el-tiempo-Sleeping-is-no-longer-wasted-time-420x280.png\" class=\"featured-img wp-post-image\" alt=\"Dormir ya no es perder el tiempo - Sleeping is no longer wasted time\" \/>\t\t<\/a>\r\n\t\t\t\t<\/div>\r\n\t<\/div>\r\n\t\t<h3 class=\"entry-title\">\t\t<a class=\"p-url\" href=\"https:\/\/nextvida.net\/en\/dormir-ya-no-es-perder-tiempo-por-que-el-descanso-profundo-se-convirtio-en-la-nueva-ventaja-competitiva\/\" rel=\"bookmark\">Dormir ya no es perder tiempo: por qu\u00e9 el descanso profundo se convirti\u00f3 en la nueva ventaja competitiva<\/a><\/h3>\t\t\t<div class=\"p-meta has-bookmark\">\r\n\t\t\t\t<div class=\"meta-inner is-meta\">\r\n\t\t\t\t\t\t\t<div class=\"meta-el meta-author mobile-hide\">\r\n\t\t\t<a href=\"https:\/\/nextvida.net\/en\/author\/marketing-line\/\">Editorial NexVida<\/a>\t\t<\/div>\r\n\t\t\t\t<div class=\"meta-el meta-read mobile-last-meta\">3 min. de lectura<\/div>\r\n\t\t\t\t\t\t<\/div>\r\n\t\t\t\t<span class=\"rb-bookmark bookmark-trigger\" data-pid=\"2822\"><\/span>\t\t\t<\/div>\r\n\t\t<p class=\"entry-summary mobile-hide\">\ud83c\udf19 Introducci\u00f3n: cuando dormir se volvi\u00f3 revolucionario Durante a\u00f1os, dormir poco fue&hellip;<\/p>\r\n\t\t\t<\/div>\t\t<\/div>\r\n\t\t\t<div class=\"p-wrap p-box p-grid-box-1 box-shadow\" data-pid=\"2817\">\r\n\t<div class=\"grid-box\">\t\t\t<div class=\"feat-holder\">\r\n\t\t\t\t\t\t<div class=\"p-featured\">\r\n\t\t\t\t\t<a class=\"p-flink\" href=\"https:\/\/nextvida.net\/en\/el-cerebro-en-modo-multitarea-esta-fallando-por-que-hacer-menos-cosas-a-la-vez-mejora-tu-inteligencia-real\/\" title=\"El cerebro en modo multitarea est\u00e1 fallando: por qu\u00e9 hacer menos cosas a la vez mejora tu inteligencia real\">\r\n\t\t\t<img loading=\"lazy\" decoding=\"async\" width=\"420\" height=\"280\" src=\"https:\/\/nextvida.net\/wp-content\/uploads\/2025\/12\/El-cerebro-en-modo-multitarea-420x280.webp\" class=\"featured-img wp-post-image\" alt=\"\" \/>\t\t<\/a>\r\n\t\t\t\t<\/div>\r\n\t<\/div>\r\n\t\t<h3 class=\"entry-title\">\t\t<a class=\"p-url\" href=\"https:\/\/nextvida.net\/en\/el-cerebro-en-modo-multitarea-esta-fallando-por-que-hacer-menos-cosas-a-la-vez-mejora-tu-inteligencia-real\/\" rel=\"bookmark\">El cerebro en modo multitarea est\u00e1 fallando: por qu\u00e9 hacer menos cosas a la vez mejora tu inteligencia real<\/a><\/h3>\t\t\t<div class=\"p-meta has-bookmark\">\r\n\t\t\t\t<div class=\"meta-inner is-meta\">\r\n\t\t\t\t\t\t\t<div class=\"meta-el meta-author mobile-hide\">\r\n\t\t\t<a href=\"https:\/\/nextvida.net\/en\/author\/marketing-line\/\">Editorial NexVida<\/a>\t\t<\/div>\r\n\t\t\t\t<div class=\"meta-el meta-read mobile-last-meta\">3 min. de lectura<\/div>\r\n\t\t\t\t\t\t<\/div>\r\n\t\t\t\t<span class=\"rb-bookmark bookmark-trigger\" data-pid=\"2817\"><\/span>\t\t\t<\/div>\r\n\t\t<p class=\"entry-summary mobile-hide\">La multitarea constante est\u00e1 da\u00f1ando nuestra atenci\u00f3n, memoria y toma de decisiones.&hellip;<\/p>\r\n\t\t\t<\/div>\t\t<\/div>\r\n\t\t\t<div class=\"p-wrap p-box p-grid-box-1 box-shadow\" data-pid=\"2809\">\r\n\t<div class=\"grid-box\">\t\t\t<div class=\"feat-holder\">\r\n\t\t\t\t\t\t<div class=\"p-featured\">\r\n\t\t\t\t\t<a class=\"p-flink\" href=\"https:\/\/nextvida.net\/en\/human-reset-la-tendencia-global-que-redefine-como-vivimos\/\" title=\"Human Reset: la tendencia global que redefine c\u00f3mo vivimos\">\r\n\t\t\t<img loading=\"lazy\" decoding=\"async\" width=\"420\" height=\"280\" src=\"https:\/\/nextvida.net\/wp-content\/uploads\/2025\/12\/human-reset-nextvida-420x280.webp\" class=\"featured-img wp-post-image\" alt=\"Human Reset: la tendencia global que redefine c\u00f3mo vivimos\" \/>\t\t<\/a>\r\n\t\t\t\t<\/div>\r\n\t<\/div>\r\n\t\t<h3 class=\"entry-title\">\t\t<a class=\"p-url\" href=\"https:\/\/nextvida.net\/en\/human-reset-la-tendencia-global-que-redefine-como-vivimos\/\" rel=\"bookmark\">Human Reset: la tendencia global que redefine c\u00f3mo vivimos<\/a><\/h3>\t\t\t<div class=\"p-meta has-bookmark\">\r\n\t\t\t\t<div class=\"meta-inner is-meta\">\r\n\t\t\t\t\t\t\t<div class=\"meta-el meta-author mobile-hide\">\r\n\t\t\t<a href=\"https:\/\/nextvida.net\/en\/author\/marketing-line\/\">Editorial NexVida<\/a>\t\t<\/div>\r\n\t\t\t\t<div class=\"meta-el meta-read mobile-last-meta\">3 min. de lectura<\/div>\r\n\t\t\t\t\t\t<\/div>\r\n\t\t\t\t<span class=\"rb-bookmark bookmark-trigger\" data-pid=\"2809\"><\/span>\t\t\t<\/div>\r\n\t\t<p class=\"entry-summary mobile-hide\">Una tendencia global emerge con fuerza: el \u201chuman reset\u201d. Menos prisa, m\u00e1s&hellip;<\/p>\r\n\t\t\t<\/div>\t\t<\/div>\r\n\t\t\t<div class=\"p-wrap p-box p-grid-box-1 box-shadow\" data-pid=\"2805\">\r\n\t<div class=\"grid-box\">\t\t\t<div class=\"feat-holder\">\r\n\t\t\t\t\t\t<div class=\"p-featured\">\r\n\t\t\t\t\t<a class=\"p-flink\" href=\"https:\/\/nextvida.net\/en\/la-tendencia-del-slow-living-como-abrazar-la-calma-y-la-intencionalidad-en-tu-vida-diaria\/\" title=\"La Tendencia del &#8216;Slow Living&#8217;: C\u00f3mo Abrazar la Calma y la Intencionalidad en tu Vida Diaria\">\r\n\t\t\t<img loading=\"lazy\" decoding=\"async\" width=\"420\" height=\"280\" src=\"https:\/\/nextvida.net\/wp-content\/uploads\/2025\/11\/La-tendencia-del-slow-living-420x280.webp\" class=\"featured-img wp-post-image\" alt=\"La tendencia del slow living\" \/>\t\t<\/a>\r\n\t\t\t\t<\/div>\r\n\t<\/div>\r\n\t\t<h3 class=\"entry-title\">\t\t<a class=\"p-url\" href=\"https:\/\/nextvida.net\/en\/la-tendencia-del-slow-living-como-abrazar-la-calma-y-la-intencionalidad-en-tu-vida-diaria\/\" rel=\"bookmark\">La Tendencia del &#8216;Slow Living&#8217;: C\u00f3mo Abrazar la Calma y la Intencionalidad en tu Vida Diaria<\/a><\/h3>\t\t\t<div class=\"p-meta has-bookmark\">\r\n\t\t\t\t<div class=\"meta-inner is-meta\">\r\n\t\t\t\t\t\t\t<div class=\"meta-el meta-author mobile-hide\">\r\n\t\t\t<a href=\"https:\/\/nextvida.net\/en\/author\/marketing-line\/\">Editorial NexVida<\/a>\t\t<\/div>\r\n\t\t\t\t<div class=\"meta-el meta-read mobile-last-meta\">6 min. de lectura<\/div>\r\n\t\t\t\t\t\t<\/div>\r\n\t\t\t\t<span class=\"rb-bookmark bookmark-trigger\" data-pid=\"2805\"><\/span>\t\t\t<\/div>\r\n\t\t<p class=\"entry-summary mobile-hide\">En una cultura que glorifica la velocidad y la multitarea, la ansiedad&hellip;<\/p>\r\n\t\t\t<\/div>\t\t<\/div>\r\n\t\t\t<div class=\"p-wrap p-box p-grid-box-1 box-shadow\" data-pid=\"2648\">\r\n\t<div class=\"grid-box\">\t\t\t<div class=\"feat-holder\">\r\n\t\t\t\t\t\t<div class=\"p-featured\">\r\n\t\t\t\t\t<a class=\"p-flink\" href=\"https:\/\/nextvida.net\/en\/servicio-de-conductor-elegido\/\" title=\"Conductor elegido: la gu\u00eda global para noches seguras y movilidad responsable\">\r\n\t\t\t<img loading=\"lazy\" decoding=\"async\" width=\"420\" height=\"280\" src=\"https:\/\/nextvida.net\/wp-content\/uploads\/2025\/09\/Conductor-elegido_-la-guia-global-para-noches-seguras-y-movilidad-responsable-420x280.webp\" class=\"featured-img wp-post-image\" alt=\"Conductor elegido: la gu\u00eda global para noches seguras y movilidad responsable\" \/>\t\t<\/a>\r\n\t\t\t\t<\/div>\r\n\t<\/div>\r\n\t\t<h3 class=\"entry-title\">\t\t<a class=\"p-url\" href=\"https:\/\/nextvida.net\/en\/servicio-de-conductor-elegido\/\" rel=\"bookmark\">Conductor elegido: la gu\u00eda global para noches seguras y movilidad responsable<\/a><\/h3>\t\t\t<div class=\"p-meta has-bookmark\">\r\n\t\t\t\t<div class=\"meta-inner is-meta\">\r\n\t\t\t\t\t\t\t<div class=\"meta-el meta-author mobile-hide\">\r\n\t\t\t<a href=\"https:\/\/nextvida.net\/en\/author\/marketing-line\/\">Editorial NexVida<\/a>\t\t<\/div>\r\n\t\t\t\t<div class=\"meta-el meta-read mobile-last-meta\">5 min. de lectura<\/div>\r\n\t\t\t\t\t\t<\/div>\r\n\t\t\t\t<span class=\"rb-bookmark bookmark-trigger\" data-pid=\"2648\"><\/span>\t\t\t<\/div>\r\n\t\t<p class=\"entry-summary mobile-hide\">\u00bfQu\u00e9 es el conductor elegido y por qu\u00e9 crece en todo el&hellip;<\/p>\r\n\t\t\t<\/div>\t\t<\/div>\r\n\t\t\t<div class=\"p-wrap p-box p-grid-box-1 box-shadow\" data-pid=\"2798\">\r\n\t<div class=\"grid-box\">\t\t\t<div class=\"feat-holder\">\r\n\t\t\t\t\t\t<div class=\"p-featured\">\r\n\t\t\t\t\t<a class=\"p-flink\" href=\"https:\/\/nextvida.net\/en\/trabajo-hibrido-al-exito-la-ciencia-de-la-productividad-y-el-balance-entre-la-casa-y-la-oficina\/\" title=\"Trabajo H\u00edbrido al \u00c9xito: La Ciencia de la Productividad y el Balance entre la Casa y la Oficina\">\r\n\t\t\t<img loading=\"lazy\" decoding=\"async\" width=\"420\" height=\"280\" src=\"https:\/\/nextvida.net\/wp-content\/uploads\/2025\/11\/La-Ciencia-de-la-Productividad-y-el-Balance-entre-la-Casa-y-la-Oficina-420x280.webp\" class=\"featured-img wp-post-image\" alt=\"La Ciencia de la Productividad y el Balance entre la Casa y la Oficina\" \/>\t\t<\/a>\r\n\t\t\t\t<\/div>\r\n\t<\/div>\r\n\t\t<h3 class=\"entry-title\">\t\t<a class=\"p-url\" href=\"https:\/\/nextvida.net\/en\/trabajo-hibrido-al-exito-la-ciencia-de-la-productividad-y-el-balance-entre-la-casa-y-la-oficina\/\" rel=\"bookmark\">Trabajo H\u00edbrido al \u00c9xito: La Ciencia de la Productividad y el Balance entre la Casa y la Oficina<\/a><\/h3>\t\t\t<div class=\"p-meta has-bookmark\">\r\n\t\t\t\t<div class=\"meta-inner is-meta\">\r\n\t\t\t\t\t\t\t<div class=\"meta-el meta-author mobile-hide\">\r\n\t\t\t<a href=\"https:\/\/nextvida.net\/en\/author\/marketing-line\/\">Editorial NexVida<\/a>\t\t<\/div>\r\n\t\t\t\t<div class=\"meta-el meta-read mobile-last-meta\">6 min. de lectura<\/div>\r\n\t\t\t\t\t\t<\/div>\r\n\t\t\t\t<span class=\"rb-bookmark bookmark-trigger\" data-pid=\"2798\"><\/span>\t\t\t<\/div>\r\n\t\t<p class=\"entry-summary mobile-hide\">Trabajo H\u00edbrido: Gu\u00eda de Productividad, Enfoque y Balance entre Casa y Oficina<\/p>\r\n\t\t\t<\/div>\t\t<\/div>\r\n\t\t\t<div class=\"p-wrap p-box p-grid-box-1 box-shadow\" data-pid=\"2793\">\r\n\t<div class=\"grid-box\">\t\t\t<div class=\"feat-holder\">\r\n\t\t\t\t\t\t<div class=\"p-featured\">\r\n\t\t\t\t\t<a class=\"p-flink\" href=\"https:\/\/nextvida.net\/en\/el-regreso-triunfal-de-los-90-y-mas-alla-como-la-nostalgia-digital-esta-rescribiendo-las-tendencias-culturales\/\" title=\"El Regreso Triunfal de los 90 (y m\u00e1s all\u00e1): C\u00f3mo la Nostalgia Digital est\u00e1 Rescribiendo las Tendencias Culturales\">\r\n\t\t\t<img loading=\"lazy\" decoding=\"async\" width=\"420\" height=\"280\" src=\"https:\/\/nextvida.net\/wp-content\/uploads\/2025\/11\/El-Regreso-Triunfal-de-los-90-420x280.webp\" class=\"featured-img wp-post-image\" alt=\"El Regreso Triunfal de los 90\" \/>\t\t<\/a>\r\n\t\t\t\t<\/div>\r\n\t<\/div>\r\n\t\t<h3 class=\"entry-title\">\t\t<a class=\"p-url\" href=\"https:\/\/nextvida.net\/en\/el-regreso-triunfal-de-los-90-y-mas-alla-como-la-nostalgia-digital-esta-rescribiendo-las-tendencias-culturales\/\" rel=\"bookmark\">El Regreso Triunfal de los 90 (y m\u00e1s all\u00e1): C\u00f3mo la Nostalgia Digital est\u00e1 Rescribiendo las Tendencias Culturales<\/a><\/h3>\t\t\t<div class=\"p-meta has-bookmark\">\r\n\t\t\t\t<div class=\"meta-inner is-meta\">\r\n\t\t\t\t\t\t\t<div class=\"meta-el meta-author mobile-hide\">\r\n\t\t\t<a href=\"https:\/\/nextvida.net\/en\/author\/marketing-line\/\">Editorial NexVida<\/a>\t\t<\/div>\r\n\t\t\t\t<div class=\"meta-el meta-read mobile-last-meta\">8 min. de lectura<\/div>\r\n\t\t\t\t\t\t<\/div>\r\n\t\t\t\t<span class=\"rb-bookmark bookmark-trigger\" data-pid=\"2793\"><\/span>\t\t\t<\/div>\r\n\t\t<p class=\"entry-summary mobile-hide\">Por el equipo de NextVida De los chokers a los cargo pants,&hellip;<\/p>\r\n\t\t\t<\/div>\t\t<\/div>\r\n\t\t\t<div class=\"p-wrap p-box p-grid-box-1 box-shadow\" data-pid=\"2784\">\r\n\t<div class=\"grid-box\">\t\t\t<div class=\"feat-holder\">\r\n\t\t\t\t\t\t<div class=\"p-featured\">\r\n\t\t\t\t\t<a class=\"p-flink\" href=\"https:\/\/nextvida.net\/en\/adios-al-azucar-hola-a-los-adaptogenos-la-nueva-ola-de-bebidas-smart-que-conquistan-el-bienestar-global\/\" title=\"Adi\u00f3s al Az\u00facar, Hola a los Adapt\u00f3genos: La Nueva Ola de Bebidas Smart que Conquistan el Bienestar Global\">\r\n\t\t\t<img loading=\"lazy\" decoding=\"async\" width=\"420\" height=\"280\" src=\"https:\/\/nextvida.net\/wp-content\/uploads\/2025\/11\/Adios-al-azucar-hola-a-los-adaptogenos-420x280.webp\" class=\"featured-img wp-post-image\" alt=\"Adios al azucar hola a los adaptogenos\" \/>\t\t<\/a>\r\n\t\t\t\t<\/div>\r\n\t<\/div>\r\n\t\t<h3 class=\"entry-title\">\t\t<a class=\"p-url\" href=\"https:\/\/nextvida.net\/en\/adios-al-azucar-hola-a-los-adaptogenos-la-nueva-ola-de-bebidas-smart-que-conquistan-el-bienestar-global\/\" rel=\"bookmark\">Adi\u00f3s al Az\u00facar, Hola a los Adapt\u00f3genos: La Nueva Ola de Bebidas Smart que Conquistan el Bienestar Global<\/a><\/h3>\t\t\t<div class=\"p-meta has-bookmark\">\r\n\t\t\t\t<div class=\"meta-inner is-meta\">\r\n\t\t\t\t\t\t\t<div class=\"meta-el meta-author mobile-hide\">\r\n\t\t\t<a href=\"https:\/\/nextvida.net\/en\/author\/marketing-line\/\">Editorial NexVida<\/a>\t\t<\/div>\r\n\t\t\t\t<div class=\"meta-el meta-read mobile-last-meta\">4 min. de lectura<\/div>\r\n\t\t\t\t\t\t<\/div>\r\n\t\t\t\t<span class=\"rb-bookmark bookmark-trigger\" data-pid=\"2784\"><\/span>\t\t\t<\/div>\r\n\t\t<p class=\"entry-summary mobile-hide\">Adapt\u00f3genos y Nootr\u00f3picos: La Nueva Ola de Bebidas Smart para el Enfoque<\/p>\r\n\t\t\t<\/div>\t\t<\/div>\r\n\t<\/div><\/div>\t\t\t\t<\/div>\n\t\t\t\t<\/div>\n\t\t\t\t\t<\/div>\n\t\t\t\t<\/div>\n\t\t\t\t<\/div>","protected":false},"excerpt":{"rendered":"<p>Historias Guardadas Los art\u00edculos que guardaste los encuentras aqu\u00ed You haven&#039;t saved anything yet. Start saving your interested articles by clicking the icon and you&#039;ll find them all here. &#8211; Pauta &#8211; Explore Categor\u00edas top Uncover the stories that matter Don&#8217;t Miss Be the first to know edit La Econom\u00eda de Creadores: C\u00f3mo Monetizar tu [&hellip;]<\/p>","protected":false},"author":1,"featured_media":0,"parent":0,"menu_order":0,"comment_status":"closed","ping_status":"closed","template":"","meta":{"footnotes":""},"class_list":["post-1848","page","type-page","status-publish"],"_links":{"self":[{"href":"https:\/\/nextvida.net\/en\/wp-json\/wp\/v2\/pages\/1848","targetHints":{"allow":["GET"]}}],"collection":[{"href":"https:\/\/nextvida.net\/en\/wp-json\/wp\/v2\/pages"}],"about":[{"href":"https:\/\/nextvida.net\/en\/wp-json\/wp\/v2\/types\/page"}],"author":[{"embeddable":true,"href":"https:\/\/nextvida.net\/en\/wp-json\/wp\/v2\/users\/1"}],"replies":[{"embeddable":true,"href":"https:\/\/nextvida.net\/en\/wp-json\/wp\/v2\/comments?post=1848"}],"version-history":[{"count":7,"href":"https:\/\/nextvida.net\/en\/wp-json\/wp\/v2\/pages\/1848\/revisions"}],"predecessor-version":[{"id":2701,"href":"https:\/\/nextvida.net\/en\/wp-json\/wp\/v2\/pages\/1848\/revisions\/2701"}],"wp:attachment":[{"href":"https:\/\/nextvida.net\/en\/wp-json\/wp\/v2\/media?parent=1848"}],"curies":[{"name":"wp","href":"https:\/\/api.w.org\/{rel}","templated":true}]}}